{"id":3,"date":"2024-11-19T13:58:31","date_gmt":"2024-11-19T16:58:31","guid":{"rendered":"http:\/\/ergoinga.com.br\/?page_id=3"},"modified":"2025-01-20T19:14:35","modified_gmt":"2025-01-20T22:14:35","slug":"politica-de-privacidade","status":"publish","type":"page","link":"https:\/\/ergoinga.com.br\/?page_id=3","title":{"rendered":"Pol\u00edtica de privacidade"},"content":{"rendered":"<style>.elementor-3 .elementor-element.elementor-element-4d139de9{--display:flex;}.elementor-3 .elementor-element.elementor-element-123356df{color:#000000;}.elementor-3 .elementor-element.elementor-element-1ee89bd{--display:flex;--flex-direction:column;--container-widget-width:100%;--container-widget-height:initial;--container-widget-flex-grow:0;--container-widget-align-self:initial;--flex-wrap-mobile:wrap;}.elementor-3 .elementor-element.elementor-element-5c7a3d7{--spacer-size:50px;}<\/style>\t\t<div data-elementor-type=\"wp-page\" data-elementor-id=\"3\" class=\"elementor elementor-3\" data-elementor-post-type=\"page\">\n\t\t\t\t<div class=\"elementor-element elementor-element-4d139de9 e-flex e-con-boxed e-con e-parent\" data-id=\"4d139de9\" data-element_type=\"container\" data-e-type=\"container\">\n\t\t\t\t\t<div class=\"e-con-inner\">\n\t\t\t\t<div class=\"elementor-element elementor-element-123356df elementor-widget elementor-widget-text-editor\" data-id=\"123356df\" data-element_type=\"widget\" data-e-type=\"widget\" data-widget_type=\"text-editor.default\">\n\t\t\t\t<div class=\"elementor-widget-container\">\n\t\t\t\t\t\t\t\t\t\n<h1 class=\"wp-block-heading\"><strong>Pol\u00edtica de Privacidade\u00a0<\/strong><\/h1>\n\n<p>Seja Bem-vindo! Sua privacidade \u00e9 importante para n\u00f3s, e estamos comprometidos em proteger os seus dados pessoais. Esta Pol\u00edtica de Privacidade explica como coletamos, usamos, compartilhamos e protegemos suas informa\u00e7\u00f5es. Ao utilizar nosso site, voc\u00ea concorda com os termos descritos nesta pol\u00edtica.<\/p>\n\n<ol class=\"wp-block-list\">\n<li><strong>Informa\u00e7\u00f5es que Coletamos<\/strong><\/li>\n<\/ol>\n\n<p>Podemos coletar os seguintes dados:<\/p>\n\n<ul class=\"wp-block-list\">\n<li><strong>Informa\u00e7\u00f5es fornecidas por voc\u00ea:<\/strong>\u00a0Nome, e-mail, telefone e quaisquer outros dados enviados por meio de formul\u00e1rios de contato ou inscri\u00e7\u00e3o.<\/li>\n\n<li><strong>Dados de navega\u00e7\u00e3o:<\/strong>\u00a0Endere\u00e7o IP, localiza\u00e7\u00e3o geogr\u00e1fica, tipo de navegador, tempo de perman\u00eancia e p\u00e1ginas visitadas.<\/li>\n\n<li><strong>Cookies:<\/strong>\u00a0Utilizamos cookies para melhorar sua experi\u00eancia de navega\u00e7\u00e3o e personalizar o conte\u00fado do site.<\/li>\n<\/ul>\n\n<ol class=\"wp-block-list\" start=\"2\">\n<li><strong>Como Utilizamos os Dados<\/strong><\/li>\n<\/ol>\n\n<p>Os dados coletados s\u00e3o utilizados para:<\/p>\n\n<ul class=\"wp-block-list\">\n<li>Entrar em contato com voc\u00ea, responder suas d\u00favidas ou processar solicita\u00e7\u00f5es enviadas.<\/li>\n\n<li>Enviar informa\u00e7\u00f5es, atualiza\u00e7\u00f5es ou materiais relacionados \u00e0 ergonomia, quando autorizado.<\/li>\n\n<li>Melhorar nossos servi\u00e7os, produtos e conte\u00fados dispon\u00edveis no site.<\/li>\n\n<li>Garantir a seguran\u00e7a do site e prevenir atividades n\u00e3o autorizadas ou fraudulentas.<\/li>\n<\/ul>\n\n<ol class=\"wp-block-list\" start=\"3\">\n<li><strong>Compartilhamento de Informa\u00e7\u00f5es<\/strong><\/li>\n<\/ol>\n\n<p>Seus dados n\u00e3o ser\u00e3o vendidos ou compartilhados com terceiros, exceto:<\/p>\n\n<ul class=\"wp-block-list\">\n<li>Quando exigido por lei ou em resposta a solicita\u00e7\u00f5es de autoridades legais.<\/li>\n\n<li>Com fornecedores de servi\u00e7os que nos ajudam a operar o site, desde que respeitem esta Pol\u00edtica de Privacidade.<\/li>\n<\/ul>\n\n<ol class=\"wp-block-list\" start=\"4\">\n<li><strong>Direitos dos Usu\u00e1rios<\/strong><\/li>\n<\/ol>\n\n<p>De acordo com a LGPD, voc\u00ea tem os seguintes direitos:<\/p>\n\n<ul class=\"wp-block-list\">\n<li><strong>Confirma\u00e7\u00e3o e acesso:<\/strong>\u00a0Solicitar a confirma\u00e7\u00e3o da exist\u00eancia de tratamento de seus dados e acessar as informa\u00e7\u00f5es que mantemos sobre voc\u00ea.<\/li>\n\n<li><strong>Corre\u00e7\u00e3o:<\/strong>\u00a0Pedir a atualiza\u00e7\u00e3o ou corre\u00e7\u00e3o de dados pessoais incompletos, inexatos ou desatualizados.<\/li>\n\n<li><strong>Exclus\u00e3o:<\/strong>\u00a0Solicitar a exclus\u00e3o de seus dados pessoais, exceto quando o tratamento for necess\u00e1rio para cumprir obriga\u00e7\u00f5es legais.<\/li>\n\n<li><strong>Revoga\u00e7\u00e3o do consentimento:<\/strong>\u00a0Retirar o consentimento para o uso de seus dados a qualquer momento.<\/li>\n<\/ul>\n\n<p>Para exercer seus direitos, entre em contato conosco pelo e-mail:\u00a0<strong>contato@ergoinga.com.br<\/strong>.<\/p>\n\n<ol class=\"wp-block-list\" start=\"5\">\n<li><strong>Seguran\u00e7a das Informa\u00e7\u00f5es<\/strong><\/li>\n<\/ol>\n\n<p>Adotamos medidas t\u00e9cnicas e organizacionais para proteger seus dados contra acessos n\u00e3o autorizados, uso indevido, perda ou altera\u00e7\u00e3o. No entanto, nenhum sistema \u00e9 completamente seguro, e n\u00e3o podemos garantir a seguran\u00e7a absoluta dos dados.<\/p>\n\n<ol class=\"wp-block-list\" start=\"6\">\n<li><strong>Uso de Cookies<\/strong><\/li>\n<\/ol>\n\n<p>Nosso site utiliza cookies para melhorar a experi\u00eancia do usu\u00e1rio. Voc\u00ea pode gerenciar ou desativar os cookies diretamente em seu navegador.<\/p>\n\n<ol class=\"wp-block-list\" start=\"7\">\n<li><strong>Altera\u00e7\u00f5es nesta Pol\u00edtica de Privacidade<\/strong><\/li>\n<\/ol>\n\n<p>Podemos atualizar esta pol\u00edtica periodicamente. Recomendamos que voc\u00ea revise esta p\u00e1gina regularmente para estar ciente de quaisquer mudan\u00e7as. As altera\u00e7\u00f5es entrar\u00e3o em vigor imediatamente ap\u00f3s a publica\u00e7\u00e3o no site.<\/p>\n\n<ol class=\"wp-block-list\" start=\"8\">\n<li><strong>Contato<\/strong><\/li>\n<\/ol>\n\n<p>Se tiver d\u00favidas sobre esta Pol\u00edtica de Privacidade ou sobre o tratamento de seus dados, entre em contato conosco:<br \/><strong>ERGOINGA \u2013 Solu\u00e7\u00f5es em Ergonomia<\/strong><br \/>E-mail:\u00a0<strong>contato@ergoinga.com.br<\/strong><br \/>Telefone: <strong>(44) 99959-0631<br \/><\/strong><\/p>\n\n<p>Esta Pol\u00edtica de Privacidade foi atualizada em: <strong>20\/01\/2025<\/strong><\/p>\n\t\t\t\t\t\t\t\t<\/div>\n\t\t\t\t<\/div>\n\t\t\t\t\t<\/div>\n\t\t\t\t<\/div>\n\t\t<div class=\"elementor-element elementor-element-1ee89bd e-flex e-con-boxed e-con e-parent\" data-id=\"1ee89bd\" data-element_type=\"container\" data-e-type=\"container\">\n\t\t\t\t\t<div class=\"e-con-inner\">\n\t\t\t\t<div class=\"elementor-element elementor-element-5c7a3d7 elementor-widget elementor-widget-spacer\" data-id=\"5c7a3d7\" data-element_type=\"widget\" data-e-type=\"widget\" data-widget_type=\"spacer.default\">\n\t\t\t\t<div class=\"elementor-widget-container\">\n\t\t\t\t\t\t\t<div class=\"elementor-spacer\">\n\t\t\t<div class=\"elementor-spacer-inner\"><\/div>\n\t\t<\/div>\n\t\t\t\t\t\t<\/div>\n\t\t\t\t<\/div>\n\t\t\t\t\t<\/div>\n\t\t\t\t<\/div>\n\t\t\t\t<\/div>\n\t\t","protected":false},"excerpt":{"rendered":"<p>Pol\u00edtica de Privacidade\u00a0 Seja Bem-vindo! Sua privacidade \u00e9 importante para n\u00f3s, e estamos comprometidos em proteger os seus dados pessoais. Esta Pol\u00edtica de Privacidade explica como coletamos, usamos, compartilhamos e protegemos suas informa\u00e7\u00f5es. Ao utilizar nosso site, voc\u00ea concorda com os termos descritos nesta pol\u00edtica. Podemos coletar os seguintes dados: Os dados coletados s\u00e3o utilizados [&hellip;]<\/p>\n","protected":false},"author":2,"featured_media":0,"parent":0,"menu_order":0,"comment_status":"closed","ping_status":"open","template":"","meta":{"_joinchat":[],"footnotes":""},"class_list":["post-3","page","type-page","status-publish","hentry"],"_links":{"self":[{"href":"https:\/\/ergoinga.com.br\/index.php?rest_route=\/wp\/v2\/pages\/3","targetHints":{"allow":["GET"]}}],"collection":[{"href":"https:\/\/ergoinga.com.br\/index.php?rest_route=\/wp\/v2\/pages"}],"about":[{"href":"https:\/\/ergoinga.com.br\/index.php?rest_route=\/wp\/v2\/types\/page"}],"author":[{"embeddable":true,"href":"https:\/\/ergoinga.com.br\/index.php?rest_route=\/wp\/v2\/users\/2"}],"replies":[{"embeddable":true,"href":"https:\/\/ergoinga.com.br\/index.php?rest_route=%2Fwp%2Fv2%2Fcomments&post=3"}],"version-history":[{"count":16,"href":"https:\/\/ergoinga.com.br\/index.php?rest_route=\/wp\/v2\/pages\/3\/revisions"}],"predecessor-version":[{"id":561,"href":"https:\/\/ergoinga.com.br\/index.php?rest_route=\/wp\/v2\/pages\/3\/revisions\/561"}],"wp:attachment":[{"href":"https:\/\/ergoinga.com.br\/index.php?rest_route=%2Fwp%2Fv2%2Fmedia&parent=3"}],"curies":[{"name":"wp","href":"https:\/\/api.w.org\/{rel}","templated":true}]}}